{"id":1688,"date":"2025-12-23T17:48:15","date_gmt":"2025-12-23T17:48:15","guid":{"rendered":"https:\/\/externagrup.com\/gestio-de-residus-especials\/"},"modified":"2025-12-23T17:48:16","modified_gmt":"2025-12-23T17:48:16","slug":"gestio-de-residus-especials","status":"publish","type":"page","link":"https:\/\/externagrup.com\/ca\/gestio-de-residus-especials\/","title":{"rendered":"Gesti\u00f3 de Residus Especials"},"content":{"rendered":"\t\t<div data-elementor-type=\"wp-page\" data-elementor-id=\"1688\" class=\"elementor elementor-1688 elementor-1654\" data-elementor-post-type=\"page\">\n\t\t\t\t\t\t<section class=\"elementor-section elementor-top-section elementor-element elementor-element-f8e982d elementor-section-boxed elementor-section-height-default elementor-section-height-default\" data-id=\"f8e982d\" data-element_type=\"section\">\n\t\t\t\t\t\t<div class=\"elementor-container elementor-column-gap-default\">\n\t\t\t\t\t<div class=\"elementor-column elementor-col-100 elementor-top-column elementor-element elementor-element-1351cb9\" data-id=\"1351cb9\" data-element_type=\"column\" data-settings=\"{&quot;background_background&quot;:&quot;classic&quot;}\">\n\t\t\t<div class=\"elementor-widget-wrap elementor-element-populated\">\n\t\t\t\t\t<div class=\"elementor-background-overlay\"><\/div>\n\t\t\t\t\t\t<section class=\"elementor-section elementor-inner-section elementor-element elementor-element-2914418 elementor-section-boxed elementor-section-height-default elementor-section-height-default\" data-id=\"2914418\" data-element_type=\"section\">\n\t\t\t\t\t\t<div class=\"elementor-container elementor-column-gap-default\">\n\t\t\t\t\t<div class=\"elementor-column elementor-col-50 elementor-inner-column elementor-element elementor-element-6bdc74a\" data-id=\"6bdc74a\" data-element_type=\"column\" data-settings=\"{&quot;background_background&quot;:&quot;classic&quot;}\">\n\t\t\t<div class=\"elementor-widget-wrap elementor-element-populated\">\n\t\t\t\t\t\t<div class=\"elementor-element elementor-element-7439926 elementor-widget elementor-widget-heading\" data-id=\"7439926\" data-element_type=\"widget\" data-widget_type=\"heading.default\">\n\t\t\t\t<div class=\"elementor-widget-container\">\n\t\t\t\t\t<h1 class=\"elementor-heading-title elementor-size-default\">GESTI\u00d3 DE RESIDUS ESPECIALS<\/h1>\t\t\t\t<\/div>\n\t\t\t\t<\/div>\n\t\t\t\t<div class=\"elementor-element elementor-element-5fc3b68 elementor-widget elementor-widget-text-editor\" data-id=\"5fc3b68\" data-element_type=\"widget\" data-widget_type=\"text-editor.default\">\n\t\t\t\t<div class=\"elementor-widget-container\">\n\t\t\t\t\t\t\t\t\t<p>Gr\u00e0cies al coneixement adquirit durant aquest temps, Externa Grup garanteix la gesti\u00f3 correcta i la tra\u00e7abilitat dels residus generats pels nostres clients.<\/p>\n\t\t\t\t\t\t\t\t<\/div>\n\t\t\t\t<\/div>\n\t\t\t\t<div class=\"elementor-element elementor-element-e2af5f9 elementor-widget elementor-widget-button\" data-id=\"e2af5f9\" data-element_type=\"widget\" data-widget_type=\"button.default\">\n\t\t\t\t<div class=\"elementor-widget-container\">\n\t\t\t\t\t\t\t\t\t<div class=\"elementor-button-wrapper\">\n\t\t\t\t\t<a class=\"elementor-button elementor-button-link elementor-size-md\" href=\"https:\/\/externagrup.com\/ca\/solicitar-recollida\/\">\n\t\t\t\t\t\t<span class=\"elementor-button-content-wrapper\">\n\t\t\t\t\t\t\t\t\t<span class=\"elementor-button-text\">SOLICITAR RECOLLIDA<\/span>\n\t\t\t\t\t<\/span>\n\t\t\t\t\t<\/a>\n\t\t\t\t<\/div>\n\t\t\t\t\t\t\t\t<\/div>\n\t\t\t\t<\/div>\n\t\t\t\t\t<\/div>\n\t\t<\/div>\n\t\t\t\t<div class=\"elementor-column elementor-col-50 elementor-inner-column elementor-element elementor-element-92c78a5\" data-id=\"92c78a5\" data-element_type=\"column\">\n\t\t\t<div class=\"elementor-widget-wrap\">\n\t\t\t\t\t\t\t<\/div>\n\t\t<\/div>\n\t\t\t\t\t<\/div>\n\t\t<\/section>\n\t\t\t\t\t<\/div>\n\t\t<\/div>\n\t\t\t\t\t<\/div>\n\t\t<\/section>\n\t\t\t\t<section class=\"elementor-section elementor-top-section elementor-element elementor-element-c6d7b48 elementor-section-boxed elementor-section-height-default elementor-section-height-default\" data-id=\"c6d7b48\" data-element_type=\"section\" data-settings=\"{&quot;background_background&quot;:&quot;classic&quot;}\">\n\t\t\t\t\t\t\t<div class=\"elementor-background-overlay\"><\/div>\n\t\t\t\t\t\t\t<div class=\"elementor-container elementor-column-gap-default\">\n\t\t\t\t\t<div class=\"elementor-column elementor-col-50 elementor-top-column elementor-element elementor-element-69222c2\" data-id=\"69222c2\" data-element_type=\"column\">\n\t\t\t<div class=\"elementor-widget-wrap elementor-element-populated\">\n\t\t\t\t\t\t<div class=\"elementor-element elementor-element-a2c0361 elementor-widget elementor-widget-text-editor\" data-id=\"a2c0361\" data-element_type=\"widget\" data-widget_type=\"text-editor.default\">\n\t\t\t\t<div class=\"elementor-widget-container\">\n\t\t\t\t\t\t\t\t\t<p>A Externa Grup, oferim un servei especialitzat de gesti\u00f3 de residus perillosos dirigit a empreses que generen residus que requereixen un tractament espec\u00edfic, transport controlat i gesti\u00f3 d&#8217;acord amb la normativa vigent.<\/p>\n<p>Ens encarreguem de tot el proc\u00e9s, des de la recollida fins a la correcta recuperaci\u00f3 o eliminaci\u00f3 dels residus, garantint la seguretat, la tra\u00e7abilitat i el compliment legal en cada fase.<i><\/i><\/p>\n\t\t\t\t\t\t\t\t<\/div>\n\t\t\t\t<\/div>\n\t\t\t\t\t<\/div>\n\t\t<\/div>\n\t\t\t\t<div class=\"elementor-column elementor-col-50 elementor-top-column elementor-element elementor-element-2bde79c\" data-id=\"2bde79c\" data-element_type=\"column\">\n\t\t\t<div class=\"elementor-widget-wrap elementor-element-populated\">\n\t\t\t\t\t\t<div class=\"elementor-element elementor-element-fb822ce elementor-widget elementor-widget-text-editor\" data-id=\"fb822ce\" data-element_type=\"widget\" data-widget_type=\"text-editor.default\">\n\t\t\t\t<div class=\"elementor-widget-container\">\n\t\t\t\t\t\t\t\t\t<p>Gestionem diferents tipus de residus especials provinents d&#8217;activitats industrials, log\u00edstiques i de manteniment, incloent-hi:<\/p>\n<p><strong>Oli de motor usat<\/strong> de tallers, ind\u00fastries i flotes.<br \/><strong>Envasos contaminats<\/strong> que han contingut subst\u00e0ncies perilloses o residus especials.<\/p>\n<p>Cada tipus de residu es gestiona segons les seves caracter\u00edstiques, evitant riscos ambientals i garantint un maneig adequat.<\/p>\n\t\t\t\t\t\t\t\t<\/div>\n\t\t\t\t<\/div>\n\t\t\t\t<div class=\"elementor-element elementor-element-f97a145 elementor-widget elementor-widget-button\" data-id=\"f97a145\" data-element_type=\"widget\" data-widget_type=\"button.default\">\n\t\t\t\t<div class=\"elementor-widget-container\">\n\t\t\t\t\t\t\t\t\t<div class=\"elementor-button-wrapper\">\n\t\t\t\t\t<a class=\"elementor-button elementor-button-link elementor-size-md\" href=\"https:\/\/externagrup.com\/ca\/com-ho-fem\/\">\n\t\t\t\t\t\t<span class=\"elementor-button-content-wrapper\">\n\t\t\t\t\t\t\t\t\t<span class=\"elementor-button-text\">COM HO FEM<\/span>\n\t\t\t\t\t<\/span>\n\t\t\t\t\t<\/a>\n\t\t\t\t<\/div>\n\t\t\t\t\t\t\t\t<\/div>\n\t\t\t\t<\/div>\n\t\t\t\t\t<\/div>\n\t\t<\/div>\n\t\t\t\t\t<\/div>\n\t\t<\/section>\n\t\t<div class=\"elementor-element elementor-element-71843af e-flex e-con-boxed e-con e-parent\" data-id=\"71843af\" data-element_type=\"container\">\n\t\t\t\t\t<div class=\"e-con-inner\">\n\t\t<div class=\"elementor-element elementor-element-8c32523 e-con-full e-flex e-con e-child\" data-id=\"8c32523\" data-element_type=\"container\" data-settings=\"{&quot;background_background&quot;:&quot;gradient&quot;}\">\n\t\t\t\t<div class=\"elementor-element elementor-element-e8d7a28 elementor-widget elementor-widget-heading\" data-id=\"e8d7a28\" data-element_type=\"widget\" data-widget_type=\"heading.default\">\n\t\t\t\t<div class=\"elementor-widget-container\">\n\t\t\t\t\t<h2 class=\"elementor-heading-title elementor-size-default\">Transport adaptat a cada tipus de residu<\/h2>\t\t\t\t<\/div>\n\t\t\t\t<\/div>\n\t\t\t\t<div class=\"elementor-element elementor-element-5814cde elementor-widget__width-initial elementor-widget elementor-widget-text-editor\" data-id=\"5814cde\" data-element_type=\"widget\" data-widget_type=\"text-editor.default\">\n\t\t\t\t<div class=\"elementor-widget-container\">\n\t\t\t\t\t\t\t\t\t<p>Oferim una gamma de solucions de transport adaptades al volum, al tipus i a les necessitats de cada client:<\/p>\n\t\t\t\t\t\t\t\t<\/div>\n\t\t\t\t<\/div>\n\t\t<div class=\"elementor-element elementor-element-1e55345 e-con-full e-flex e-con e-child\" data-id=\"1e55345\" data-element_type=\"container\">\n\t\t<div class=\"elementor-element elementor-element-f904e12 e-con-full e-grid e-con e-child\" data-id=\"f904e12\" data-element_type=\"container\">\n\t\t<div class=\"elementor-element elementor-element-e1a7cd3 e-con-full e-flex e-con e-child\" data-id=\"e1a7cd3\" data-element_type=\"container\" data-settings=\"{&quot;background_background&quot;:&quot;classic&quot;}\">\n\t\t\t\t<div class=\"elementor-element elementor-element-992ebc2 elementor-widget elementor-widget-heading\" data-id=\"992ebc2\" data-element_type=\"widget\" data-widget_type=\"heading.default\">\n\t\t\t\t<div class=\"elementor-widget-container\">\n\t\t\t\t\t<h3 class=\"elementor-heading-title elementor-size-default\">Cami\u00f3 de 18 tones<\/h3>\t\t\t\t<\/div>\n\t\t\t\t<\/div>\n\t\t\t\t<div class=\"elementor-element elementor-element-05cd3a6 elementor-widget elementor-widget-text-editor\" data-id=\"05cd3a6\" data-element_type=\"widget\" data-widget_type=\"text-editor.default\">\n\t\t\t\t<div class=\"elementor-widget-container\">\n\t\t\t\t\t\t\t\t\t<p>Per a grans volums de residus.<\/p>\n\t\t\t\t\t\t\t\t<\/div>\n\t\t\t\t<\/div>\n\t\t\t\t<\/div>\n\t\t<div class=\"elementor-element elementor-element-1a0bf1b e-con-full e-flex e-con e-child\" data-id=\"1a0bf1b\" data-element_type=\"container\" data-settings=\"{&quot;background_background&quot;:&quot;classic&quot;}\">\n\t\t\t\t<div class=\"elementor-element elementor-element-d193bf6 elementor-widget elementor-widget-heading\" data-id=\"d193bf6\" data-element_type=\"widget\" data-widget_type=\"heading.default\">\n\t\t\t\t<div class=\"elementor-widget-container\">\n\t\t\t\t\t<h3 class=\"elementor-heading-title elementor-size-default\">Cami\u00f3 de 8 tones<\/h3>\t\t\t\t<\/div>\n\t\t\t\t<\/div>\n\t\t\t\t<div class=\"elementor-element elementor-element-f87d266 elementor-widget elementor-widget-text-editor\" data-id=\"f87d266\" data-element_type=\"widget\" data-widget_type=\"text-editor.default\">\n\t\t\t\t<div class=\"elementor-widget-container\">\n\t\t\t\t\t\t\t\t\t<p>Ideal per a col\u00b7leccions de mida mitjana.<\/p>\n\t\t\t\t\t\t\t\t<\/div>\n\t\t\t\t<\/div>\n\t\t\t\t<\/div>\n\t\t<div class=\"elementor-element elementor-element-0e474d0 e-con-full e-flex e-con e-child\" data-id=\"0e474d0\" data-element_type=\"container\" data-settings=\"{&quot;background_background&quot;:&quot;classic&quot;}\">\n\t\t\t\t<div class=\"elementor-element elementor-element-ba6a018 elementor-widget elementor-widget-heading\" data-id=\"ba6a018\" data-element_type=\"widget\" data-widget_type=\"heading.default\">\n\t\t\t\t<div class=\"elementor-widget-container\">\n\t\t\t\t\t<h3 class=\"elementor-heading-title elementor-size-default\">Cami\u00f3 de 3.500 kg<\/h3>\t\t\t\t<\/div>\n\t\t\t\t<\/div>\n\t\t\t\t<div class=\"elementor-element elementor-element-05d1e56 elementor-widget elementor-widget-text-editor\" data-id=\"05d1e56\" data-element_type=\"widget\" data-widget_type=\"text-editor.default\">\n\t\t\t\t<div class=\"elementor-widget-container\">\n\t\t\t\t\t\t\t\t\t<p>Per a acc\u00e9s urb\u00e0 o petites quantitats.<\/p>\n\t\t\t\t\t\t\t\t<\/div>\n\t\t\t\t<\/div>\n\t\t\t\t<\/div>\n\t\t\t\t<\/div>\n\t\t\t\t<div class=\"elementor-element elementor-element-1144d5c elementor-widget__width-initial elementor-widget elementor-widget-text-editor\" data-id=\"1144d5c\" data-element_type=\"widget\" data-widget_type=\"text-editor.default\">\n\t\t\t\t<div class=\"elementor-widget-container\">\n\t\t\t\t\t\t\t\t\t<p>Seleccionem el vehicle adequat en funci\u00f3 del residu i del punt de recollida, optimitzant costos i garantint un transport segur.<\/p>\n\t\t\t\t\t\t\t\t<\/div>\n\t\t\t\t<\/div>\n\t\t\t\t<\/div>\n\t\t\t\t<\/div>\n\t\t\t\t\t<\/div>\n\t\t\t\t<\/div>\n\t\t\t\t<\/div>\n\t\t","protected":false},"excerpt":{"rendered":"<p>GESTI\u00d3 DE RESIDUS ESPECIALS Gr\u00e0cies al coneixement adquirit durant aquest temps, Externa Grup garanteix la gesti\u00f3 correcta i la tra\u00e7abilitat dels residus generats pels nostres clients. SOLICITAR RECOLLIDA A Externa Grup, oferim un servei especialitzat de gesti\u00f3 de residus perillosos dirigit a empreses que generen residus que requereixen un tractament espec\u00edfic, transport controlat i gesti\u00f3 &#8230; <a title=\"Gesti\u00f3 de Residus Especials\" class=\"read-more\" href=\"https:\/\/externagrup.com\/ca\/gestio-de-residus-especials\/\" aria-label=\"M\u00e9s informaci\u00f3 sobre Gesti\u00f3 de Residus Especials\">Llegiu m\u00e9s<\/a><\/p>\n","protected":false},"author":1,"featured_media":0,"parent":0,"menu_order":0,"comment_status":"closed","ping_status":"closed","template":"elementor_header_footer","meta":{"_joinchat":[],"footnotes":""},"class_list":["post-1688","page","type-page","status-publish"],"yoast_head":"<!-- This site is optimized with the Yoast SEO plugin v26.6 - https:\/\/yoast.com\/wordpress\/plugins\/seo\/ -->\n<title>Gesti\u00f3 de Residus Especials - Externa Grup<\/title>\n<meta name=\"robots\" content=\"index, follow, max-snippet:-1, max-image-preview:large, max-video-preview:-1\" \/>\n<link rel=\"canonical\" href=\"https:\/\/externagrup.com\/ca\/gestio-de-residus-especials\/\" \/>\n<meta property=\"og:locale\" content=\"ca_ES\" \/>\n<meta property=\"og:type\" content=\"article\" \/>\n<meta property=\"og:title\" content=\"Gesti\u00f3 de Residus Especials - Externa Grup\" \/>\n<meta property=\"og:description\" content=\"GESTI\u00d3 DE RESIDUS ESPECIALS Gr\u00e0cies al coneixement adquirit durant aquest temps, Externa Grup garanteix la gesti\u00f3 correcta i la tra\u00e7abilitat dels residus generats pels nostres clients. SOLICITAR RECOLLIDA A Externa Grup, oferim un servei especialitzat de gesti\u00f3 de residus perillosos dirigit a empreses que generen residus que requereixen un tractament espec\u00edfic, transport controlat i gesti\u00f3 ... Llegiu m\u00e9s\" \/>\n<meta property=\"og:url\" content=\"https:\/\/externagrup.com\/ca\/gestio-de-residus-especials\/\" \/>\n<meta property=\"og:site_name\" content=\"Externa Grup\" \/>\n<meta property=\"article:modified_time\" content=\"2025-12-23T17:48:16+00:00\" \/>\n<meta name=\"twitter:card\" content=\"summary_large_image\" \/>\n<meta name=\"twitter:label1\" content=\"Temps estimat de lectura\" \/>\n\t<meta name=\"twitter:data1\" content=\"1 minut\" \/>\n<script type=\"application\/ld+json\" class=\"yoast-schema-graph\">{\"@context\":\"https:\/\/schema.org\",\"@graph\":[{\"@type\":\"WebPage\",\"@id\":\"https:\/\/externagrup.com\/ca\/gestio-de-residus-especials\/\",\"url\":\"https:\/\/externagrup.com\/ca\/gestio-de-residus-especials\/\",\"name\":\"Gesti\u00f3 de Residus Especials - Externa Grup\",\"isPartOf\":{\"@id\":\"https:\/\/externagrup.com\/ca\/#website\"},\"datePublished\":\"2025-12-23T17:48:15+00:00\",\"dateModified\":\"2025-12-23T17:48:16+00:00\",\"breadcrumb\":{\"@id\":\"https:\/\/externagrup.com\/ca\/gestio-de-residus-especials\/#breadcrumb\"},\"inLanguage\":\"ca\",\"potentialAction\":[{\"@type\":\"ReadAction\",\"target\":[\"https:\/\/externagrup.com\/ca\/gestio-de-residus-especials\/\"]}]},{\"@type\":\"BreadcrumbList\",\"@id\":\"https:\/\/externagrup.com\/ca\/gestio-de-residus-especials\/#breadcrumb\",\"itemListElement\":[{\"@type\":\"ListItem\",\"position\":1,\"name\":\"Portada\",\"item\":\"https:\/\/externagrup.com\/ca\/?lang=ca\"},{\"@type\":\"ListItem\",\"position\":2,\"name\":\"Gesti\u00f3 de Residus Especials\"}]},{\"@type\":\"WebSite\",\"@id\":\"https:\/\/externagrup.com\/ca\/#website\",\"url\":\"https:\/\/externagrup.com\/ca\/\",\"name\":\"Externa Grup\",\"description\":\"Gesti\u00f3n de Residuos\",\"publisher\":{\"@id\":\"https:\/\/externagrup.com\/ca\/#organization\"},\"potentialAction\":[{\"@type\":\"SearchAction\",\"target\":{\"@type\":\"EntryPoint\",\"urlTemplate\":\"https:\/\/externagrup.com\/ca\/?s={search_term_string}\"},\"query-input\":{\"@type\":\"PropertyValueSpecification\",\"valueRequired\":true,\"valueName\":\"search_term_string\"}}],\"inLanguage\":\"ca\"},{\"@type\":\"Organization\",\"@id\":\"https:\/\/externagrup.com\/ca\/#organization\",\"name\":\"Externa Grup\",\"url\":\"https:\/\/externagrup.com\/ca\/\",\"logo\":{\"@type\":\"ImageObject\",\"inLanguage\":\"ca\",\"@id\":\"https:\/\/externagrup.com\/ca\/#\/schema\/logo\/image\/\",\"url\":\"https:\/\/externagrup.com\/wp-content\/uploads\/2020\/11\/cropped-Logo-horizontal-sin-fondo-blanco.png\",\"contentUrl\":\"https:\/\/externagrup.com\/wp-content\/uploads\/2020\/11\/cropped-Logo-horizontal-sin-fondo-blanco.png\",\"width\":1501,\"height\":301,\"caption\":\"Externa Grup\"},\"image\":{\"@id\":\"https:\/\/externagrup.com\/ca\/#\/schema\/logo\/image\/\"}}]}<\/script>\n<!-- \/ Yoast SEO plugin. -->","yoast_head_json":{"title":"Gesti\u00f3 de Residus Especials - Externa Grup","robots":{"index":"index","follow":"follow","max-snippet":"max-snippet:-1","max-image-preview":"max-image-preview:large","max-video-preview":"max-video-preview:-1"},"canonical":"https:\/\/externagrup.com\/ca\/gestio-de-residus-especials\/","og_locale":"ca_ES","og_type":"article","og_title":"Gesti\u00f3 de Residus Especials - Externa Grup","og_description":"GESTI\u00d3 DE RESIDUS ESPECIALS Gr\u00e0cies al coneixement adquirit durant aquest temps, Externa Grup garanteix la gesti\u00f3 correcta i la tra\u00e7abilitat dels residus generats pels nostres clients. SOLICITAR RECOLLIDA A Externa Grup, oferim un servei especialitzat de gesti\u00f3 de residus perillosos dirigit a empreses que generen residus que requereixen un tractament espec\u00edfic, transport controlat i gesti\u00f3 ... Llegiu m\u00e9s","og_url":"https:\/\/externagrup.com\/ca\/gestio-de-residus-especials\/","og_site_name":"Externa Grup","article_modified_time":"2025-12-23T17:48:16+00:00","twitter_card":"summary_large_image","twitter_misc":{"Temps estimat de lectura":"1 minut"},"schema":{"@context":"https:\/\/schema.org","@graph":[{"@type":"WebPage","@id":"https:\/\/externagrup.com\/ca\/gestio-de-residus-especials\/","url":"https:\/\/externagrup.com\/ca\/gestio-de-residus-especials\/","name":"Gesti\u00f3 de Residus Especials - Externa Grup","isPartOf":{"@id":"https:\/\/externagrup.com\/ca\/#website"},"datePublished":"2025-12-23T17:48:15+00:00","dateModified":"2025-12-23T17:48:16+00:00","breadcrumb":{"@id":"https:\/\/externagrup.com\/ca\/gestio-de-residus-especials\/#breadcrumb"},"inLanguage":"ca","potentialAction":[{"@type":"ReadAction","target":["https:\/\/externagrup.com\/ca\/gestio-de-residus-especials\/"]}]},{"@type":"BreadcrumbList","@id":"https:\/\/externagrup.com\/ca\/gestio-de-residus-especials\/#breadcrumb","itemListElement":[{"@type":"ListItem","position":1,"name":"Portada","item":"https:\/\/externagrup.com\/ca\/?lang=ca"},{"@type":"ListItem","position":2,"name":"Gesti\u00f3 de Residus Especials"}]},{"@type":"WebSite","@id":"https:\/\/externagrup.com\/ca\/#website","url":"https:\/\/externagrup.com\/ca\/","name":"Externa Grup","description":"Gesti\u00f3n de Residuos","publisher":{"@id":"https:\/\/externagrup.com\/ca\/#organization"},"potentialAction":[{"@type":"SearchAction","target":{"@type":"EntryPoint","urlTemplate":"https:\/\/externagrup.com\/ca\/?s={search_term_string}"},"query-input":{"@type":"PropertyValueSpecification","valueRequired":true,"valueName":"search_term_string"}}],"inLanguage":"ca"},{"@type":"Organization","@id":"https:\/\/externagrup.com\/ca\/#organization","name":"Externa Grup","url":"https:\/\/externagrup.com\/ca\/","logo":{"@type":"ImageObject","inLanguage":"ca","@id":"https:\/\/externagrup.com\/ca\/#\/schema\/logo\/image\/","url":"https:\/\/externagrup.com\/wp-content\/uploads\/2020\/11\/cropped-Logo-horizontal-sin-fondo-blanco.png","contentUrl":"https:\/\/externagrup.com\/wp-content\/uploads\/2020\/11\/cropped-Logo-horizontal-sin-fondo-blanco.png","width":1501,"height":301,"caption":"Externa Grup"},"image":{"@id":"https:\/\/externagrup.com\/ca\/#\/schema\/logo\/image\/"}}]}},"_links":{"self":[{"href":"https:\/\/externagrup.com\/ca\/wp-json\/wp\/v2\/pages\/1688","targetHints":{"allow":["GET"]}}],"collection":[{"href":"https:\/\/externagrup.com\/ca\/wp-json\/wp\/v2\/pages"}],"about":[{"href":"https:\/\/externagrup.com\/ca\/wp-json\/wp\/v2\/types\/page"}],"author":[{"embeddable":true,"href":"https:\/\/externagrup.com\/ca\/wp-json\/wp\/v2\/users\/1"}],"replies":[{"embeddable":true,"href":"https:\/\/externagrup.com\/ca\/wp-json\/wp\/v2\/comments?post=1688"}],"version-history":[{"count":1,"href":"https:\/\/externagrup.com\/ca\/wp-json\/wp\/v2\/pages\/1688\/revisions"}],"predecessor-version":[{"id":1689,"href":"https:\/\/externagrup.com\/ca\/wp-json\/wp\/v2\/pages\/1688\/revisions\/1689"}],"wp:attachment":[{"href":"https:\/\/externagrup.com\/ca\/wp-json\/wp\/v2\/media?parent=1688"}],"curies":[{"name":"wp","href":"https:\/\/api.w.org\/{rel}","templated":true}]}}