{"id":396,"date":"2020-11-30T08:55:49","date_gmt":"2020-11-30T08:55:49","guid":{"rendered":"https:\/\/externagrup.com\/?page_id=396"},"modified":"2021-02-19T16:24:45","modified_gmt":"2021-02-19T16:24:45","slug":"externa-grup","status":"publish","type":"page","link":"https:\/\/externagrup.com\/ca\/externa-grup\/","title":{"rendered":"Externa Grup"},"content":{"rendered":"\t\t<div data-elementor-type=\"wp-page\" data-elementor-id=\"396\" class=\"elementor elementor-396 elementor-237\" data-elementor-post-type=\"page\">\n\t\t\t\t\t\t<section class=\"elementor-section elementor-top-section elementor-element elementor-element-4917e26 elementor-section-boxed elementor-section-height-default elementor-section-height-default\" data-id=\"4917e26\" data-element_type=\"section\">\n\t\t\t\t\t\t<div class=\"elementor-container elementor-column-gap-default\">\n\t\t\t\t\t<div class=\"elementor-column elementor-col-100 elementor-top-column elementor-element elementor-element-c0780d7\" data-id=\"c0780d7\" data-element_type=\"column\">\n\t\t\t<div class=\"elementor-widget-wrap elementor-element-populated\">\n\t\t\t\t\t\t<div class=\"elementor-element elementor-element-0b0fcb0 elementor-widget elementor-widget-heading\" data-id=\"0b0fcb0\" data-element_type=\"widget\" data-widget_type=\"heading.default\">\n\t\t\t\t<div class=\"elementor-widget-container\">\n\t\t\t\t\t<h2 class=\"elementor-heading-title elementor-size-default\">EXTERNA GRUP<\/h2>\t\t\t\t<\/div>\n\t\t\t\t<\/div>\n\t\t\t\t<div class=\"elementor-element elementor-element-7f46ed6 elementor-widget-divider--view-line elementor-widget elementor-widget-divider\" data-id=\"7f46ed6\" data-element_type=\"widget\" data-widget_type=\"divider.default\">\n\t\t\t\t<div class=\"elementor-widget-container\">\n\t\t\t\t\t\t\t<div class=\"elementor-divider\">\n\t\t\t<span class=\"elementor-divider-separator\">\n\t\t\t\t\t\t<\/span>\n\t\t<\/div>\n\t\t\t\t\t\t<\/div>\n\t\t\t\t<\/div>\n\t\t\t\t<div class=\"elementor-element elementor-element-53e1885 elementor-widget elementor-widget-text-editor\" data-id=\"53e1885\" data-element_type=\"widget\" data-widget_type=\"text-editor.default\">\n\t\t\t\t<div class=\"elementor-widget-container\">\n\t\t\t\t\t\t\t\t\t<p><strong>EXTERNA<\/strong> Grup neix avalada pels m\u00e9s de 25 anys d\u2019experi\u00e8ncia que tenen el nostre equip de professionals. Som una empresa dedicada al Sector del Reciclatge i Medi Ambient, homologats per l\u2019<a href=\"http:\/\/residus.gencat.cat\/es\/inici\/\">Ag\u00e8ncia de Residus de Catalunya<\/a>, amb el codi de Gestor E-1614.16 i el codi de Transportista T-2346. <br \/>Treballem per tal de poder solucionar, de manera \u00f2ptima, les necessitats dels nostres clients.<\/p>\t\t\t\t\t\t\t\t<\/div>\n\t\t\t\t<\/div>\n\t\t\t\t<section class=\"elementor-section elementor-inner-section elementor-element elementor-element-44e2fb4 elementor-section-boxed elementor-section-height-default elementor-section-height-default\" data-id=\"44e2fb4\" data-element_type=\"section\">\n\t\t\t\t\t\t<div class=\"elementor-container elementor-column-gap-default\">\n\t\t\t\t\t<div class=\"elementor-column elementor-col-50 elementor-inner-column elementor-element elementor-element-faab69c\" data-id=\"faab69c\" data-element_type=\"column\">\n\t\t\t<div class=\"elementor-widget-wrap elementor-element-populated\">\n\t\t\t\t\t\t<div class=\"elementor-element elementor-element-c035ad5 elementor-widget elementor-widget-text-editor\" data-id=\"c035ad5\" data-element_type=\"widget\" data-widget_type=\"text-editor.default\">\n\t\t\t\t<div class=\"elementor-widget-container\">\n\t\t\t\t\t\t\t\t\t<p>EXTERNA Soluciones Integrales SLU va n\u00e9ixer el 1998 com una empresa familiar dedicada al m\u00f3n del reciclatge. Al llarg d\u2019aquest temps, EXTERNA s\u2019ha especialitzat en la recollida, transport i gesti\u00f3 de consumibles buits de t\u00f2ner i tinta per\u00f2, tot i aix\u00ed, sempre hem mirat de satisfer qualsevol necessitat que se li han plantejat als nostres clients, donant resposta a la gesti\u00f3 dels diferents residus que es puguin produir a la vida quotidiana.<\/p><p>EXTERNA t\u00e9 la seva nau a Ponts (Lleida), punt estrat\u00e8gic des de el qual parteixen di\u00e0riament diferents rutes per tota Catalunya.<\/p>\t\t\t\t\t\t\t\t<\/div>\n\t\t\t\t<\/div>\n\t\t\t\t<div class=\"elementor-element elementor-element-5fa33a8 elementor-widget elementor-widget-button\" data-id=\"5fa33a8\" data-element_type=\"widget\" data-widget_type=\"button.default\">\n\t\t\t\t<div class=\"elementor-widget-container\">\n\t\t\t\t\t\t\t\t\t<div class=\"elementor-button-wrapper\">\n\t\t\t\t\t<a class=\"elementor-button elementor-button-link elementor-size-sm\" href=\"https:\/\/externagrup.com\/wp-content\/uploads\/2021\/02\/Dossier_externa_final_web.pdf\" target=\"_blank\">\n\t\t\t\t\t\t<span class=\"elementor-button-content-wrapper\">\n\t\t\t\t\t\t<span class=\"elementor-button-icon\">\n\t\t\t\t<svg aria-hidden=\"true\" class=\"e-font-icon-svg e-far-file-pdf\" viewBox=\"0 0 384 512\" xmlns=\"http:\/\/www.w3.org\/2000\/svg\"><path d=\"M369.9 97.9L286 14C277 5 264.8-.1 252.1-.1H48C21.5 0 0 21.5 0 48v416c0 26.5 21.5 48 48 48h288c26.5 0 48-21.5 48-48V131.9c0-12.7-5.1-25-14.1-34zM332.1 128H256V51.9l76.1 76.1zM48 464V48h160v104c0 13.3 10.7 24 24 24h104v288H48zm250.2-143.7c-12.2-12-47-8.7-64.4-6.5-17.2-10.5-28.7-25-36.8-46.3 3.9-16.1 10.1-40.6 5.4-56-4.2-26.2-37.8-23.6-42.6-5.9-4.4 16.1-.4 38.5 7 67.1-10 23.9-24.9 56-35.4 74.4-20 10.3-47 26.2-51 46.2-3.3 15.8 26 55.2 76.1-31.2 22.4-7.4 46.8-16.5 68.4-20.1 18.9 10.2 41 17 55.8 17 25.5 0 28-28.2 17.5-38.7zm-198.1 77.8c5.1-13.7 24.5-29.5 30.4-35-19 30.3-30.4 35.7-30.4 35zm81.6-190.6c7.4 0 6.7 32.1 1.8 40.8-4.4-13.9-4.3-40.8-1.8-40.8zm-24.4 136.6c9.7-16.9 18-37 24.7-54.7 8.3 15.1 18.9 27.2 30.1 35.5-20.8 4.3-38.9 13.1-54.8 19.2zm131.6-5s-5 6-37.3-7.8c35.1-2.6 40.9 5.4 37.3 7.8z\"><\/path><\/svg>\t\t\t<\/span>\n\t\t\t\t\t\t\t\t\t<span class=\"elementor-button-text\">Descargar PDF<\/span>\n\t\t\t\t\t<\/span>\n\t\t\t\t\t<\/a>\n\t\t\t\t<\/div>\n\t\t\t\t\t\t\t\t<\/div>\n\t\t\t\t<\/div>\n\t\t\t\t\t<\/div>\n\t\t<\/div>\n\t\t\t\t<div class=\"elementor-column elementor-col-50 elementor-inner-column elementor-element elementor-element-125d935\" data-id=\"125d935\" data-element_type=\"column\">\n\t\t\t<div class=\"elementor-widget-wrap elementor-element-populated\">\n\t\t\t\t\t\t<div class=\"elementor-element elementor-element-efdd120 elementor-widget elementor-widget-image\" data-id=\"efdd120\" data-element_type=\"widget\" data-widget_type=\"image.default\">\n\t\t\t\t<div class=\"elementor-widget-container\">\n\t\t\t\t\t\t\t\t\t\t\t\t\t\t\t<img fetchpriority=\"high\" decoding=\"async\" width=\"700\" height=\"467\" src=\"https:\/\/externagrup.com\/wp-content\/uploads\/2020\/12\/pexels-photomix-company-1002703_opt.jpg\" class=\"attachment-full size-full wp-image-687\" alt=\"Externa Grup\" srcset=\"https:\/\/externagrup.com\/wp-content\/uploads\/2020\/12\/pexels-photomix-company-1002703_opt.jpg 700w, https:\/\/externagrup.com\/wp-content\/uploads\/2020\/12\/pexels-photomix-company-1002703_opt-300x200.jpg 300w\" sizes=\"(max-width: 700px) 100vw, 700px\" \/>\t\t\t\t\t\t\t\t\t\t\t\t\t\t\t<\/div>\n\t\t\t\t<\/div>\n\t\t\t\t\t<\/div>\n\t\t<\/div>\n\t\t\t\t\t<\/div>\n\t\t<\/section>\n\t\t\t\t\t<\/div>\n\t\t<\/div>\n\t\t\t\t\t<\/div>\n\t\t<\/section>\n\t\t\t\t<section class=\"elementor-section elementor-top-section elementor-element elementor-element-f605f30 elementor-section-boxed elementor-section-height-default elementor-section-height-default\" data-id=\"f605f30\" data-element_type=\"section\" data-settings=\"{&quot;background_background&quot;:&quot;classic&quot;}\">\n\t\t\t\t\t\t<div class=\"elementor-container elementor-column-gap-default\">\n\t\t\t\t\t<div class=\"elementor-column elementor-col-100 elementor-top-column elementor-element elementor-element-9b54643\" data-id=\"9b54643\" data-element_type=\"column\">\n\t\t\t<div class=\"elementor-widget-wrap elementor-element-populated\">\n\t\t\t\t\t\t<div class=\"elementor-element elementor-element-0704252 elementor-widget elementor-widget-heading\" data-id=\"0704252\" data-element_type=\"widget\" data-widget_type=\"heading.default\">\n\t\t\t\t<div class=\"elementor-widget-container\">\n\t\t\t\t\t<h3 class=\"elementor-heading-title elementor-size-default\">Un nou inici<\/h3>\t\t\t\t<\/div>\n\t\t\t\t<\/div>\n\t\t\t\t<div class=\"elementor-element elementor-element-7625254 elementor-widget elementor-widget-text-editor\" data-id=\"7625254\" data-element_type=\"widget\" data-widget_type=\"text-editor.default\">\n\t\t\t\t<div class=\"elementor-widget-container\">\n\t\t\t\t\t\t\t\t\t<p>Despr\u00e9s d&#8217;aquest temps, comen\u00e7a un nou cam\u00ed ara amb nou lideratge i nova imatge, EXTERNA GRUP, un nou impuls per enfortir els valors inicials de respecte a l&#8217;entorn.<\/p>\t\t\t\t\t\t\t\t<\/div>\n\t\t\t\t<\/div>\n\t\t\t\t<div class=\"elementor-element elementor-element-1fe7335 elementor-widget elementor-widget-heading\" data-id=\"1fe7335\" data-element_type=\"widget\" data-widget_type=\"heading.default\">\n\t\t\t\t<div class=\"elementor-widget-container\">\n\t\t\t\t\t<h4 class=\"elementor-heading-title elementor-size-default\">Les cares visibles s\u00f3n:\n<\/h4>\t\t\t\t<\/div>\n\t\t\t\t<\/div>\n\t\t\t\t<section class=\"elementor-section elementor-inner-section elementor-element elementor-element-6698b60 elementor-section-boxed elementor-section-height-default elementor-section-height-default\" data-id=\"6698b60\" data-element_type=\"section\">\n\t\t\t\t\t\t<div class=\"elementor-container elementor-column-gap-default\">\n\t\t\t\t\t<div class=\"elementor-column elementor-col-33 elementor-inner-column elementor-element elementor-element-28f91f1\" data-id=\"28f91f1\" data-element_type=\"column\" data-settings=\"{&quot;background_background&quot;:&quot;classic&quot;}\">\n\t\t\t<div class=\"elementor-widget-wrap elementor-element-populated\">\n\t\t\t\t\t\t<div class=\"elementor-element elementor-element-e42fc12 elementor-widget elementor-widget-image\" data-id=\"e42fc12\" data-element_type=\"widget\" data-widget_type=\"image.default\">\n\t\t\t\t<div class=\"elementor-widget-container\">\n\t\t\t\t\t\t\t\t\t\t\t\t\t\t\t<img decoding=\"async\" width=\"400\" height=\"500\" src=\"https:\/\/externagrup.com\/wp-content\/uploads\/2020\/12\/Angel-Pinol-web-1.jpg\" class=\"attachment-large size-large wp-image-567\" alt=\"\" srcset=\"https:\/\/externagrup.com\/wp-content\/uploads\/2020\/12\/Angel-Pinol-web-1.jpg 400w, https:\/\/externagrup.com\/wp-content\/uploads\/2020\/12\/Angel-Pinol-web-1-240x300.jpg 240w\" sizes=\"(max-width: 400px) 100vw, 400px\" \/>\t\t\t\t\t\t\t\t\t\t\t\t\t\t\t<\/div>\n\t\t\t\t<\/div>\n\t\t\t\t<div class=\"elementor-element elementor-element-098dcb7 elementor-widget elementor-widget-heading\" data-id=\"098dcb7\" data-element_type=\"widget\" data-widget_type=\"heading.default\">\n\t\t\t\t<div class=\"elementor-widget-container\">\n\t\t\t\t\t<h4 class=\"elementor-heading-title elementor-size-default\">\u00c1ngel Pi\u00f1ol <\/h4>\t\t\t\t<\/div>\n\t\t\t\t<\/div>\n\t\t\t\t<div class=\"elementor-element elementor-element-b3272a4 elementor-widget elementor-widget-heading\" data-id=\"b3272a4\" data-element_type=\"widget\" data-widget_type=\"heading.default\">\n\t\t\t\t<div class=\"elementor-widget-container\">\n\t\t\t\t\t<h5 class=\"elementor-heading-title elementor-size-default\">Director<\/h5>\t\t\t\t<\/div>\n\t\t\t\t<\/div>\n\t\t\t\t\t<\/div>\n\t\t<\/div>\n\t\t\t\t<div class=\"elementor-column elementor-col-33 elementor-inner-column elementor-element elementor-element-c9daed1\" data-id=\"c9daed1\" data-element_type=\"column\" data-settings=\"{&quot;background_background&quot;:&quot;classic&quot;}\">\n\t\t\t<div class=\"elementor-widget-wrap elementor-element-populated\">\n\t\t\t\t\t\t<div class=\"elementor-element elementor-element-ef804d8 elementor-widget elementor-widget-image\" data-id=\"ef804d8\" data-element_type=\"widget\" data-widget_type=\"image.default\">\n\t\t\t\t<div class=\"elementor-widget-container\">\n\t\t\t\t\t\t\t\t\t\t\t\t\t\t\t<img decoding=\"async\" width=\"400\" height=\"500\" src=\"https:\/\/externagrup.com\/wp-content\/uploads\/2020\/12\/Sandra-Garcia-web-2.jpg\" class=\"attachment-large size-large wp-image-569\" alt=\"\" srcset=\"https:\/\/externagrup.com\/wp-content\/uploads\/2020\/12\/Sandra-Garcia-web-2.jpg 400w, https:\/\/externagrup.com\/wp-content\/uploads\/2020\/12\/Sandra-Garcia-web-2-240x300.jpg 240w\" sizes=\"(max-width: 400px) 100vw, 400px\" \/>\t\t\t\t\t\t\t\t\t\t\t\t\t\t\t<\/div>\n\t\t\t\t<\/div>\n\t\t\t\t<div class=\"elementor-element elementor-element-a55121c elementor-widget elementor-widget-heading\" data-id=\"a55121c\" data-element_type=\"widget\" data-widget_type=\"heading.default\">\n\t\t\t\t<div class=\"elementor-widget-container\">\n\t\t\t\t\t<h4 class=\"elementor-heading-title elementor-size-default\">Sandra Garc\u00eda<\/h4>\t\t\t\t<\/div>\n\t\t\t\t<\/div>\n\t\t\t\t<div class=\"elementor-element elementor-element-5603787 elementor-widget elementor-widget-heading\" data-id=\"5603787\" data-element_type=\"widget\" data-widget_type=\"heading.default\">\n\t\t\t\t<div class=\"elementor-widget-container\">\n\t\t\t\t\t<h5 class=\"elementor-heading-title elementor-size-default\">Directora comercial<\/h5>\t\t\t\t<\/div>\n\t\t\t\t<\/div>\n\t\t\t\t\t<\/div>\n\t\t<\/div>\n\t\t\t\t<div class=\"elementor-column elementor-col-33 elementor-inner-column elementor-element elementor-element-fa046c4\" data-id=\"fa046c4\" data-element_type=\"column\" data-settings=\"{&quot;background_background&quot;:&quot;classic&quot;}\">\n\t\t\t<div class=\"elementor-widget-wrap elementor-element-populated\">\n\t\t\t\t\t\t<div class=\"elementor-element elementor-element-07a383e elementor-widget elementor-widget-image\" data-id=\"07a383e\" data-element_type=\"widget\" data-widget_type=\"image.default\">\n\t\t\t\t<div class=\"elementor-widget-container\">\n\t\t\t\t\t\t\t\t\t\t\t\t\t\t\t<img loading=\"lazy\" decoding=\"async\" width=\"400\" height=\"500\" src=\"https:\/\/externagrup.com\/wp-content\/uploads\/2020\/12\/Ruben-web-1.jpg\" class=\"attachment-large size-large wp-image-571\" alt=\"\" srcset=\"https:\/\/externagrup.com\/wp-content\/uploads\/2020\/12\/Ruben-web-1.jpg 400w, https:\/\/externagrup.com\/wp-content\/uploads\/2020\/12\/Ruben-web-1-240x300.jpg 240w\" sizes=\"(max-width: 400px) 100vw, 400px\" \/>\t\t\t\t\t\t\t\t\t\t\t\t\t\t\t<\/div>\n\t\t\t\t<\/div>\n\t\t\t\t<div class=\"elementor-element elementor-element-14f93d2 elementor-widget elementor-widget-heading\" data-id=\"14f93d2\" data-element_type=\"widget\" data-widget_type=\"heading.default\">\n\t\t\t\t<div class=\"elementor-widget-container\">\n\t\t\t\t\t<h4 class=\"elementor-heading-title elementor-size-default\">Rub\u00e9n Bar\u00f3<\/h4>\t\t\t\t<\/div>\n\t\t\t\t<\/div>\n\t\t\t\t<div class=\"elementor-element elementor-element-cffaaa4 elementor-widget elementor-widget-heading\" data-id=\"cffaaa4\" data-element_type=\"widget\" data-widget_type=\"heading.default\">\n\t\t\t\t<div class=\"elementor-widget-container\">\n\t\t\t\t\t<h5 class=\"elementor-heading-title elementor-size-default\">Responsable de transport i log\u00edstica<\/h5>\t\t\t\t<\/div>\n\t\t\t\t<\/div>\n\t\t\t\t\t<\/div>\n\t\t<\/div>\n\t\t\t\t\t<\/div>\n\t\t<\/section>\n\t\t\t\t\t<\/div>\n\t\t<\/div>\n\t\t\t\t\t<\/div>\n\t\t<\/section>\n\t\t\t\t<\/div>\n\t\t","protected":false},"excerpt":{"rendered":"<p>EXTERNA GRUP EXTERNA Grup neix avalada pels m\u00e9s de 25 anys d\u2019experi\u00e8ncia que tenen el nostre equip de professionals. Som una empresa dedicada al Sector del Reciclatge i Medi Ambient, homologats per l\u2019Ag\u00e8ncia de Residus de Catalunya, amb el codi de Gestor E-1614.16 i el codi de Transportista T-2346. Treballem per tal de poder solucionar, &#8230; <a title=\"Externa Grup\" class=\"read-more\" href=\"https:\/\/externagrup.com\/ca\/externa-grup\/\" aria-label=\"M\u00e9s informaci\u00f3 sobre Externa Grup\">Llegiu m\u00e9s<\/a><\/p>\n","protected":false},"author":1,"featured_media":0,"parent":0,"menu_order":0,"comment_status":"closed","ping_status":"closed","template":"elementor_header_footer","meta":{"_joinchat":[],"footnotes":""},"class_list":["post-396","page","type-page","status-publish"],"yoast_head":"<!-- This site is optimized with the Yoast SEO plugin v26.6 - https:\/\/yoast.com\/wordpress\/plugins\/seo\/ -->\n<title>Externa Grup - Externa Grup<\/title>\n<meta name=\"robots\" content=\"index, follow, max-snippet:-1, max-image-preview:large, max-video-preview:-1\" \/>\n<link rel=\"canonical\" href=\"https:\/\/externagrup.com\/ca\/externa-grup\/\" \/>\n<meta property=\"og:locale\" content=\"ca_ES\" \/>\n<meta property=\"og:type\" content=\"article\" \/>\n<meta property=\"og:title\" content=\"Externa Grup - Externa Grup\" \/>\n<meta property=\"og:description\" content=\"EXTERNA GRUP EXTERNA Grup neix avalada pels m\u00e9s de 25 anys d\u2019experi\u00e8ncia que tenen el nostre equip de professionals. Som una empresa dedicada al Sector del Reciclatge i Medi Ambient, homologats per l\u2019Ag\u00e8ncia de Residus de Catalunya, amb el codi de Gestor E-1614.16 i el codi de Transportista T-2346. Treballem per tal de poder solucionar, ... Llegiu m\u00e9s\" \/>\n<meta property=\"og:url\" content=\"https:\/\/externagrup.com\/ca\/externa-grup\/\" \/>\n<meta property=\"og:site_name\" content=\"Externa Grup\" \/>\n<meta property=\"article:modified_time\" content=\"2021-02-19T16:24:45+00:00\" \/>\n<meta property=\"og:image\" content=\"https:\/\/externagrup.com\/wp-content\/uploads\/2020\/12\/pexels-photomix-company-1002703_opt.jpg\" \/>\n<meta name=\"twitter:card\" content=\"summary_large_image\" \/>\n<meta name=\"twitter:label1\" content=\"Temps estimat de lectura\" \/>\n\t<meta name=\"twitter:data1\" content=\"1 minut\" \/>\n<script type=\"application\/ld+json\" class=\"yoast-schema-graph\">{\"@context\":\"https:\/\/schema.org\",\"@graph\":[{\"@type\":\"WebPage\",\"@id\":\"https:\/\/externagrup.com\/ca\/externa-grup\/\",\"url\":\"https:\/\/externagrup.com\/ca\/externa-grup\/\",\"name\":\"Externa Grup - Externa Grup\",\"isPartOf\":{\"@id\":\"https:\/\/externagrup.com\/ca\/#website\"},\"primaryImageOfPage\":{\"@id\":\"https:\/\/externagrup.com\/ca\/externa-grup\/#primaryimage\"},\"image\":{\"@id\":\"https:\/\/externagrup.com\/ca\/externa-grup\/#primaryimage\"},\"thumbnailUrl\":\"https:\/\/externagrup.com\/wp-content\/uploads\/2020\/12\/pexels-photomix-company-1002703_opt.jpg\",\"datePublished\":\"2020-11-30T08:55:49+00:00\",\"dateModified\":\"2021-02-19T16:24:45+00:00\",\"breadcrumb\":{\"@id\":\"https:\/\/externagrup.com\/ca\/externa-grup\/#breadcrumb\"},\"inLanguage\":\"ca\",\"potentialAction\":[{\"@type\":\"ReadAction\",\"target\":[\"https:\/\/externagrup.com\/ca\/externa-grup\/\"]}]},{\"@type\":\"ImageObject\",\"inLanguage\":\"ca\",\"@id\":\"https:\/\/externagrup.com\/ca\/externa-grup\/#primaryimage\",\"url\":\"https:\/\/externagrup.com\/wp-content\/uploads\/2020\/12\/pexels-photomix-company-1002703_opt.jpg\",\"contentUrl\":\"https:\/\/externagrup.com\/wp-content\/uploads\/2020\/12\/pexels-photomix-company-1002703_opt.jpg\"},{\"@type\":\"BreadcrumbList\",\"@id\":\"https:\/\/externagrup.com\/ca\/externa-grup\/#breadcrumb\",\"itemListElement\":[{\"@type\":\"ListItem\",\"position\":1,\"name\":\"Portada\",\"item\":\"https:\/\/externagrup.com\/ca\/?lang=ca\"},{\"@type\":\"ListItem\",\"position\":2,\"name\":\"Externa Grup\"}]},{\"@type\":\"WebSite\",\"@id\":\"https:\/\/externagrup.com\/ca\/#website\",\"url\":\"https:\/\/externagrup.com\/ca\/\",\"name\":\"Externa Grup\",\"description\":\"Gesti\u00f3n de Residuos\",\"publisher\":{\"@id\":\"https:\/\/externagrup.com\/ca\/#organization\"},\"potentialAction\":[{\"@type\":\"SearchAction\",\"target\":{\"@type\":\"EntryPoint\",\"urlTemplate\":\"https:\/\/externagrup.com\/ca\/?s={search_term_string}\"},\"query-input\":{\"@type\":\"PropertyValueSpecification\",\"valueRequired\":true,\"valueName\":\"search_term_string\"}}],\"inLanguage\":\"ca\"},{\"@type\":\"Organization\",\"@id\":\"https:\/\/externagrup.com\/ca\/#organization\",\"name\":\"Externa Grup\",\"url\":\"https:\/\/externagrup.com\/ca\/\",\"logo\":{\"@type\":\"ImageObject\",\"inLanguage\":\"ca\",\"@id\":\"https:\/\/externagrup.com\/ca\/#\/schema\/logo\/image\/\",\"url\":\"https:\/\/externagrup.com\/wp-content\/uploads\/2020\/11\/cropped-Logo-horizontal-sin-fondo-blanco.png\",\"contentUrl\":\"https:\/\/externagrup.com\/wp-content\/uploads\/2020\/11\/cropped-Logo-horizontal-sin-fondo-blanco.png\",\"width\":1501,\"height\":301,\"caption\":\"Externa Grup\"},\"image\":{\"@id\":\"https:\/\/externagrup.com\/ca\/#\/schema\/logo\/image\/\"}}]}<\/script>\n<!-- \/ Yoast SEO plugin. -->","yoast_head_json":{"title":"Externa Grup - Externa Grup","robots":{"index":"index","follow":"follow","max-snippet":"max-snippet:-1","max-image-preview":"max-image-preview:large","max-video-preview":"max-video-preview:-1"},"canonical":"https:\/\/externagrup.com\/ca\/externa-grup\/","og_locale":"ca_ES","og_type":"article","og_title":"Externa Grup - Externa Grup","og_description":"EXTERNA GRUP EXTERNA Grup neix avalada pels m\u00e9s de 25 anys d\u2019experi\u00e8ncia que tenen el nostre equip de professionals. Som una empresa dedicada al Sector del Reciclatge i Medi Ambient, homologats per l\u2019Ag\u00e8ncia de Residus de Catalunya, amb el codi de Gestor E-1614.16 i el codi de Transportista T-2346. Treballem per tal de poder solucionar, ... Llegiu m\u00e9s","og_url":"https:\/\/externagrup.com\/ca\/externa-grup\/","og_site_name":"Externa Grup","article_modified_time":"2021-02-19T16:24:45+00:00","og_image":[{"url":"https:\/\/externagrup.com\/wp-content\/uploads\/2020\/12\/pexels-photomix-company-1002703_opt.jpg","type":"","width":"","height":""}],"twitter_card":"summary_large_image","twitter_misc":{"Temps estimat de lectura":"1 minut"},"schema":{"@context":"https:\/\/schema.org","@graph":[{"@type":"WebPage","@id":"https:\/\/externagrup.com\/ca\/externa-grup\/","url":"https:\/\/externagrup.com\/ca\/externa-grup\/","name":"Externa Grup - Externa Grup","isPartOf":{"@id":"https:\/\/externagrup.com\/ca\/#website"},"primaryImageOfPage":{"@id":"https:\/\/externagrup.com\/ca\/externa-grup\/#primaryimage"},"image":{"@id":"https:\/\/externagrup.com\/ca\/externa-grup\/#primaryimage"},"thumbnailUrl":"https:\/\/externagrup.com\/wp-content\/uploads\/2020\/12\/pexels-photomix-company-1002703_opt.jpg","datePublished":"2020-11-30T08:55:49+00:00","dateModified":"2021-02-19T16:24:45+00:00","breadcrumb":{"@id":"https:\/\/externagrup.com\/ca\/externa-grup\/#breadcrumb"},"inLanguage":"ca","potentialAction":[{"@type":"ReadAction","target":["https:\/\/externagrup.com\/ca\/externa-grup\/"]}]},{"@type":"ImageObject","inLanguage":"ca","@id":"https:\/\/externagrup.com\/ca\/externa-grup\/#primaryimage","url":"https:\/\/externagrup.com\/wp-content\/uploads\/2020\/12\/pexels-photomix-company-1002703_opt.jpg","contentUrl":"https:\/\/externagrup.com\/wp-content\/uploads\/2020\/12\/pexels-photomix-company-1002703_opt.jpg"},{"@type":"BreadcrumbList","@id":"https:\/\/externagrup.com\/ca\/externa-grup\/#breadcrumb","itemListElement":[{"@type":"ListItem","position":1,"name":"Portada","item":"https:\/\/externagrup.com\/ca\/?lang=ca"},{"@type":"ListItem","position":2,"name":"Externa Grup"}]},{"@type":"WebSite","@id":"https:\/\/externagrup.com\/ca\/#website","url":"https:\/\/externagrup.com\/ca\/","name":"Externa Grup","description":"Gesti\u00f3n de Residuos","publisher":{"@id":"https:\/\/externagrup.com\/ca\/#organization"},"potentialAction":[{"@type":"SearchAction","target":{"@type":"EntryPoint","urlTemplate":"https:\/\/externagrup.com\/ca\/?s={search_term_string}"},"query-input":{"@type":"PropertyValueSpecification","valueRequired":true,"valueName":"search_term_string"}}],"inLanguage":"ca"},{"@type":"Organization","@id":"https:\/\/externagrup.com\/ca\/#organization","name":"Externa Grup","url":"https:\/\/externagrup.com\/ca\/","logo":{"@type":"ImageObject","inLanguage":"ca","@id":"https:\/\/externagrup.com\/ca\/#\/schema\/logo\/image\/","url":"https:\/\/externagrup.com\/wp-content\/uploads\/2020\/11\/cropped-Logo-horizontal-sin-fondo-blanco.png","contentUrl":"https:\/\/externagrup.com\/wp-content\/uploads\/2020\/11\/cropped-Logo-horizontal-sin-fondo-blanco.png","width":1501,"height":301,"caption":"Externa Grup"},"image":{"@id":"https:\/\/externagrup.com\/ca\/#\/schema\/logo\/image\/"}}]}},"_links":{"self":[{"href":"https:\/\/externagrup.com\/ca\/wp-json\/wp\/v2\/pages\/396","targetHints":{"allow":["GET"]}}],"collection":[{"href":"https:\/\/externagrup.com\/ca\/wp-json\/wp\/v2\/pages"}],"about":[{"href":"https:\/\/externagrup.com\/ca\/wp-json\/wp\/v2\/types\/page"}],"author":[{"embeddable":true,"href":"https:\/\/externagrup.com\/ca\/wp-json\/wp\/v2\/users\/1"}],"replies":[{"embeddable":true,"href":"https:\/\/externagrup.com\/ca\/wp-json\/wp\/v2\/comments?post=396"}],"version-history":[{"count":0,"href":"https:\/\/externagrup.com\/ca\/wp-json\/wp\/v2\/pages\/396\/revisions"}],"wp:attachment":[{"href":"https:\/\/externagrup.com\/ca\/wp-json\/wp\/v2\/media?parent=396"}],"curies":[{"name":"wp","href":"https:\/\/api.w.org\/{rel}","templated":true}]}}