{"id":477,"date":"2020-12-01T09:14:25","date_gmt":"2020-12-01T09:14:25","guid":{"rendered":"https:\/\/externagrup.com\/?page_id=477"},"modified":"2020-12-22T17:00:07","modified_gmt":"2020-12-22T17:00:07","slug":"politica-de-privacitat","status":"publish","type":"page","link":"https:\/\/externagrup.com\/ca\/politica-de-privacitat\/","title":{"rendered":"Pol\u00edtica de Privacitat"},"content":{"rendered":"\t\t<div data-elementor-type=\"wp-page\" data-elementor-id=\"477\" class=\"elementor elementor-477 elementor-469\" data-elementor-post-type=\"page\">\n\t\t\t\t\t\t<section class=\"elementor-section elementor-top-section elementor-element elementor-element-8c24fbd elementor-section-boxed elementor-section-height-default elementor-section-height-default\" data-id=\"8c24fbd\" data-element_type=\"section\">\n\t\t\t\t\t\t<div class=\"elementor-container elementor-column-gap-default\">\n\t\t\t\t\t<div class=\"elementor-column elementor-col-100 elementor-top-column elementor-element elementor-element-ab259ba\" data-id=\"ab259ba\" data-element_type=\"column\">\n\t\t\t<div class=\"elementor-widget-wrap elementor-element-populated\">\n\t\t\t\t\t\t<div class=\"elementor-element elementor-element-417b98c elementor-widget elementor-widget-heading\" data-id=\"417b98c\" data-element_type=\"widget\" data-widget_type=\"heading.default\">\n\t\t\t\t<div class=\"elementor-widget-container\">\n\t\t\t\t\t<h2 class=\"elementor-heading-title elementor-size-default\">POL\u00cdTICA DE PRIVACITAT<\/h2>\t\t\t\t<\/div>\n\t\t\t\t<\/div>\n\t\t\t\t<div class=\"elementor-element elementor-element-5664f57 elementor-widget elementor-widget-heading\" data-id=\"5664f57\" data-element_type=\"widget\" data-widget_type=\"heading.default\">\n\t\t\t\t<div class=\"elementor-widget-container\">\n\t\t\t\t\t<h3 class=\"elementor-heading-title elementor-size-default\">Qui som?<\/h3>\t\t\t\t<\/div>\n\t\t\t\t<\/div>\n\t\t\t\t<div class=\"elementor-element elementor-element-98951b1 elementor-widget elementor-widget-text-editor\" data-id=\"98951b1\" data-element_type=\"widget\" data-widget_type=\"text-editor.default\">\n\t\t\t\t<div class=\"elementor-widget-container\">\n\t\t\t\t\t\t\t\t\t<p>La direcci\u00f3 del nostre lloc web \u00e9s: https:\/\/externagrup.com<br \/><br \/>Identitat:\u00a0<span class=\"hiddenGrammarError\">Externa Solucions<\/span>\u00a0Integrals S.L.U &#8211; NIF:\u00a0<span class=\"hiddenSpellError\">b25447160<\/span><br \/><br \/>Adre\u00e7a postal: Avinguda del Passeig 50, 25740, Ponts (Lleida), Espanya<br \/><br \/>Tel\u00e8fon: 973460792 &#8211; Correu electr\u00f2nic: informacion@externagrup.com<\/p>\t\t\t\t\t\t\t\t<\/div>\n\t\t\t\t<\/div>\n\t\t\t\t<div class=\"elementor-element elementor-element-db41da2 elementor-widget elementor-widget-heading\" data-id=\"db41da2\" data-element_type=\"widget\" data-widget_type=\"heading.default\">\n\t\t\t\t<div class=\"elementor-widget-container\">\n\t\t\t\t\t<h2 class=\"elementor-heading-title elementor-size-default\">\nQuines dades personals recollim i per qu\u00e8 els recollim?<\/h2>\t\t\t\t<\/div>\n\t\t\t\t<\/div>\n\t\t\t\t<div class=\"elementor-element elementor-element-9e2c4fb elementor-widget elementor-widget-text-editor\" data-id=\"9e2c4fb\" data-element_type=\"widget\" data-widget_type=\"text-editor.default\">\n\t\t\t\t<div class=\"elementor-widget-container\">\n\t\t\t\t\t\t\t\t\t<p style=\"background: white; margin: 0cm 0cm 18.0pt 0cm;\">A Externa Grup tractem la informaci\u00f3 que ens facilita per tal d&#8217;oferir el servei sol\u00b7licitat o enviar\u00e9 la informaci\u00f3 requerida. Les dades proporcionades es conservaran mentre no ens demani el cessament de l&#8217;activitat. Les dades no se cediran a tercers excepte en els casos en qu\u00e8 hi hagi una obligaci\u00f3 legal. Vost\u00e8 t\u00e9 dret a obtenir informaci\u00f3 sobre si en Extern Grup estem tractant les seves dades personals, pel que pot exercir els seus drets d&#8217;acc\u00e9s, rectificaci\u00f3, supressi\u00f3 i portabilitat de dades i oposici\u00f3 i limitaci\u00f3 al seu tractament davant Extern Grup,\u00a0<span class=\"hiddenGrammarError\" style=\"padding-bottom: 2px; background-image: url('..\/..\/..\/..\/..\/images\/squiggle.png'); background-repeat: repeat-x; background-position: left bottom; cursor: default; color: #666666; font-family: 'Open Sans', Helvetica, Arial, sans-serif; font-size: 16px; font-style: normal; font-variant-ligatures: normal; font-variant-caps: normal; font-weight: 300; letter-spacing: normal; orphans: 2; text-align: start; text-indent: 0px; text-transform: none; white-space: normal; widows: 2; word-spacing: 0px; -webkit-text-stroke-width: 0px; text-decoration-style: initial; text-decoration-color: initial;\">Avinguda<\/span>\u00a0del Passeig 50, 25740, Ponts (Lleida), Espanya o a l&#8217;adre\u00e7a de correu electr\u00f2nic informacion@extrernagrup.com, adjuntant c\u00f2pia del seu DNI o document equivalent. Aix\u00ed mateix, i especialment si considera que no ha obtingut satisfacci\u00f3 plena en l&#8217;exercici dels seus drets, podr\u00e0 presentar una reclamaci\u00f3 davant l&#8217;autoritat nacional de control dirigint-se a aquests efectes a l&#8217;Ag\u00e8ncia Espanyola de Protecci\u00f3 de Dades, C \/ Jorge\u00a0<span class=\"hiddenSpellError\">Juan<\/span>, 6 &#8211; 28001 Madrid.<\/p>\t\t\t\t\t\t\t\t<\/div>\n\t\t\t\t<\/div>\n\t\t\t\t\t<\/div>\n\t\t<\/div>\n\t\t\t\t\t<\/div>\n\t\t<\/section>\n\t\t\t\t<\/div>\n\t\t","protected":false},"excerpt":{"rendered":"<p>POL\u00cdTICA DE PRIVACITAT Qui som? La direcci\u00f3 del nostre lloc web \u00e9s: https:\/\/externagrup.com Identitat:&nbsp;Externa Solucions&nbsp;Integrals S.L.U &#8211; NIF:&nbsp;b25447160 Adre\u00e7a postal: Avinguda del Passeig 50, 25740, Ponts (Lleida), Espanya Tel\u00e8fon: 973460792 &#8211; Correu electr\u00f2nic: informacion@externagrup.com Quines dades personals recollim i per qu\u00e8 els recollim? A Externa Grup tractem la informaci\u00f3 que ens facilita per tal d&#8217;oferir &#8230; <a title=\"Pol\u00edtica de Privacitat\" class=\"read-more\" href=\"https:\/\/externagrup.com\/ca\/politica-de-privacitat\/\" aria-label=\"M\u00e9s informaci\u00f3 sobre Pol\u00edtica de Privacitat\">Llegiu m\u00e9s<\/a><\/p>\n","protected":false},"author":1,"featured_media":0,"parent":0,"menu_order":0,"comment_status":"closed","ping_status":"closed","template":"elementor_header_footer","meta":{"_joinchat":[],"footnotes":""},"class_list":["post-477","page","type-page","status-publish"],"yoast_head":"<!-- This site is optimized with the Yoast SEO plugin v26.6 - https:\/\/yoast.com\/wordpress\/plugins\/seo\/ -->\n<title>Pol\u00edtica de Privacitat - Externa Grup<\/title>\n<meta name=\"robots\" content=\"noindex, nofollow\" \/>\n<meta property=\"og:locale\" content=\"ca_ES\" \/>\n<meta property=\"og:type\" content=\"article\" \/>\n<meta property=\"og:title\" content=\"Pol\u00edtica de Privacitat - Externa Grup\" \/>\n<meta property=\"og:description\" content=\"POL\u00cdTICA DE PRIVACITAT Qui som? La direcci\u00f3 del nostre lloc web \u00e9s: https:\/\/externagrup.com Identitat:&nbsp;Externa Solucions&nbsp;Integrals S.L.U &#8211; NIF:&nbsp;b25447160 Adre\u00e7a postal: Avinguda del Passeig 50, 25740, Ponts (Lleida), Espanya Tel\u00e8fon: 973460792 &#8211; Correu electr\u00f2nic: informacion@externagrup.com Quines dades personals recollim i per qu\u00e8 els recollim? A Externa Grup tractem la informaci\u00f3 que ens facilita per tal d&#8217;oferir ... Llegiu m\u00e9s\" \/>\n<meta property=\"og:url\" content=\"https:\/\/externagrup.com\/ca\/politica-de-privacitat\/\" \/>\n<meta property=\"og:site_name\" content=\"Externa Grup\" \/>\n<meta property=\"article:modified_time\" content=\"2020-12-22T17:00:07+00:00\" \/>\n<meta name=\"twitter:card\" content=\"summary_large_image\" \/>\n<meta name=\"twitter:label1\" content=\"Temps estimat de lectura\" \/>\n\t<meta name=\"twitter:data1\" content=\"1 minut\" \/>\n<script type=\"application\/ld+json\" class=\"yoast-schema-graph\">{\"@context\":\"https:\/\/schema.org\",\"@graph\":[{\"@type\":\"WebPage\",\"@id\":\"https:\/\/externagrup.com\/ca\/politica-de-privacitat\/\",\"url\":\"https:\/\/externagrup.com\/ca\/politica-de-privacitat\/\",\"name\":\"Pol\u00edtica de Privacitat - Externa Grup\",\"isPartOf\":{\"@id\":\"https:\/\/externagrup.com\/ca\/#website\"},\"datePublished\":\"2020-12-01T09:14:25+00:00\",\"dateModified\":\"2020-12-22T17:00:07+00:00\",\"breadcrumb\":{\"@id\":\"https:\/\/externagrup.com\/ca\/politica-de-privacitat\/#breadcrumb\"},\"inLanguage\":\"ca\",\"potentialAction\":[{\"@type\":\"ReadAction\",\"target\":[\"https:\/\/externagrup.com\/ca\/politica-de-privacitat\/\"]}]},{\"@type\":\"BreadcrumbList\",\"@id\":\"https:\/\/externagrup.com\/ca\/politica-de-privacitat\/#breadcrumb\",\"itemListElement\":[{\"@type\":\"ListItem\",\"position\":1,\"name\":\"Portada\",\"item\":\"https:\/\/externagrup.com\/ca\/?lang=ca\"},{\"@type\":\"ListItem\",\"position\":2,\"name\":\"Pol\u00edtica de Privacitat\"}]},{\"@type\":\"WebSite\",\"@id\":\"https:\/\/externagrup.com\/ca\/#website\",\"url\":\"https:\/\/externagrup.com\/ca\/\",\"name\":\"Externa Grup\",\"description\":\"Gesti\u00f3n de Residuos\",\"publisher\":{\"@id\":\"https:\/\/externagrup.com\/ca\/#organization\"},\"potentialAction\":[{\"@type\":\"SearchAction\",\"target\":{\"@type\":\"EntryPoint\",\"urlTemplate\":\"https:\/\/externagrup.com\/ca\/?s={search_term_string}\"},\"query-input\":{\"@type\":\"PropertyValueSpecification\",\"valueRequired\":true,\"valueName\":\"search_term_string\"}}],\"inLanguage\":\"ca\"},{\"@type\":\"Organization\",\"@id\":\"https:\/\/externagrup.com\/ca\/#organization\",\"name\":\"Externa Grup\",\"url\":\"https:\/\/externagrup.com\/ca\/\",\"logo\":{\"@type\":\"ImageObject\",\"inLanguage\":\"ca\",\"@id\":\"https:\/\/externagrup.com\/ca\/#\/schema\/logo\/image\/\",\"url\":\"https:\/\/externagrup.com\/wp-content\/uploads\/2020\/11\/cropped-Logo-horizontal-sin-fondo-blanco.png\",\"contentUrl\":\"https:\/\/externagrup.com\/wp-content\/uploads\/2020\/11\/cropped-Logo-horizontal-sin-fondo-blanco.png\",\"width\":1501,\"height\":301,\"caption\":\"Externa Grup\"},\"image\":{\"@id\":\"https:\/\/externagrup.com\/ca\/#\/schema\/logo\/image\/\"}}]}<\/script>\n<!-- \/ Yoast SEO plugin. -->","yoast_head_json":{"title":"Pol\u00edtica de Privacitat - Externa Grup","robots":{"index":"noindex","follow":"nofollow"},"og_locale":"ca_ES","og_type":"article","og_title":"Pol\u00edtica de Privacitat - Externa Grup","og_description":"POL\u00cdTICA DE PRIVACITAT Qui som? La direcci\u00f3 del nostre lloc web \u00e9s: https:\/\/externagrup.com Identitat:&nbsp;Externa Solucions&nbsp;Integrals S.L.U &#8211; NIF:&nbsp;b25447160 Adre\u00e7a postal: Avinguda del Passeig 50, 25740, Ponts (Lleida), Espanya Tel\u00e8fon: 973460792 &#8211; Correu electr\u00f2nic: informacion@externagrup.com Quines dades personals recollim i per qu\u00e8 els recollim? A Externa Grup tractem la informaci\u00f3 que ens facilita per tal d&#8217;oferir ... Llegiu m\u00e9s","og_url":"https:\/\/externagrup.com\/ca\/politica-de-privacitat\/","og_site_name":"Externa Grup","article_modified_time":"2020-12-22T17:00:07+00:00","twitter_card":"summary_large_image","twitter_misc":{"Temps estimat de lectura":"1 minut"},"schema":{"@context":"https:\/\/schema.org","@graph":[{"@type":"WebPage","@id":"https:\/\/externagrup.com\/ca\/politica-de-privacitat\/","url":"https:\/\/externagrup.com\/ca\/politica-de-privacitat\/","name":"Pol\u00edtica de Privacitat - Externa Grup","isPartOf":{"@id":"https:\/\/externagrup.com\/ca\/#website"},"datePublished":"2020-12-01T09:14:25+00:00","dateModified":"2020-12-22T17:00:07+00:00","breadcrumb":{"@id":"https:\/\/externagrup.com\/ca\/politica-de-privacitat\/#breadcrumb"},"inLanguage":"ca","potentialAction":[{"@type":"ReadAction","target":["https:\/\/externagrup.com\/ca\/politica-de-privacitat\/"]}]},{"@type":"BreadcrumbList","@id":"https:\/\/externagrup.com\/ca\/politica-de-privacitat\/#breadcrumb","itemListElement":[{"@type":"ListItem","position":1,"name":"Portada","item":"https:\/\/externagrup.com\/ca\/?lang=ca"},{"@type":"ListItem","position":2,"name":"Pol\u00edtica de Privacitat"}]},{"@type":"WebSite","@id":"https:\/\/externagrup.com\/ca\/#website","url":"https:\/\/externagrup.com\/ca\/","name":"Externa Grup","description":"Gesti\u00f3n de Residuos","publisher":{"@id":"https:\/\/externagrup.com\/ca\/#organization"},"potentialAction":[{"@type":"SearchAction","target":{"@type":"EntryPoint","urlTemplate":"https:\/\/externagrup.com\/ca\/?s={search_term_string}"},"query-input":{"@type":"PropertyValueSpecification","valueRequired":true,"valueName":"search_term_string"}}],"inLanguage":"ca"},{"@type":"Organization","@id":"https:\/\/externagrup.com\/ca\/#organization","name":"Externa Grup","url":"https:\/\/externagrup.com\/ca\/","logo":{"@type":"ImageObject","inLanguage":"ca","@id":"https:\/\/externagrup.com\/ca\/#\/schema\/logo\/image\/","url":"https:\/\/externagrup.com\/wp-content\/uploads\/2020\/11\/cropped-Logo-horizontal-sin-fondo-blanco.png","contentUrl":"https:\/\/externagrup.com\/wp-content\/uploads\/2020\/11\/cropped-Logo-horizontal-sin-fondo-blanco.png","width":1501,"height":301,"caption":"Externa Grup"},"image":{"@id":"https:\/\/externagrup.com\/ca\/#\/schema\/logo\/image\/"}}]}},"_links":{"self":[{"href":"https:\/\/externagrup.com\/ca\/wp-json\/wp\/v2\/pages\/477","targetHints":{"allow":["GET"]}}],"collection":[{"href":"https:\/\/externagrup.com\/ca\/wp-json\/wp\/v2\/pages"}],"about":[{"href":"https:\/\/externagrup.com\/ca\/wp-json\/wp\/v2\/types\/page"}],"author":[{"embeddable":true,"href":"https:\/\/externagrup.com\/ca\/wp-json\/wp\/v2\/users\/1"}],"replies":[{"embeddable":true,"href":"https:\/\/externagrup.com\/ca\/wp-json\/wp\/v2\/comments?post=477"}],"version-history":[{"count":0,"href":"https:\/\/externagrup.com\/ca\/wp-json\/wp\/v2\/pages\/477\/revisions"}],"wp:attachment":[{"href":"https:\/\/externagrup.com\/ca\/wp-json\/wp\/v2\/media?parent=477"}],"curies":[{"name":"wp","href":"https:\/\/api.w.org\/{rel}","templated":true}]}}