{"id":798,"date":"2021-02-05T10:53:01","date_gmt":"2021-02-05T10:53:01","guid":{"rendered":"https:\/\/externagrup.com\/?page_id=798"},"modified":"2021-02-05T10:58:49","modified_gmt":"2021-02-05T10:58:49","slug":"avantatges-de-contractar-els-nostres-serveis","status":"publish","type":"page","link":"https:\/\/externagrup.com\/ca\/avantatges-de-contractar-els-nostres-serveis\/","title":{"rendered":"Avantatges de contractar els nostres serveis"},"content":{"rendered":"\t\t<div data-elementor-type=\"wp-page\" data-elementor-id=\"798\" class=\"elementor elementor-798 elementor-783\" data-elementor-post-type=\"page\">\n\t\t\t\t\t\t<section class=\"elementor-section elementor-top-section elementor-element elementor-element-00acec1 elementor-section-boxed elementor-section-height-default elementor-section-height-default\" data-id=\"00acec1\" data-element_type=\"section\">\n\t\t\t\t\t\t<div class=\"elementor-container elementor-column-gap-default\">\n\t\t\t\t\t<div class=\"elementor-column elementor-col-100 elementor-top-column elementor-element elementor-element-851e26f\" data-id=\"851e26f\" data-element_type=\"column\">\n\t\t\t<div class=\"elementor-widget-wrap elementor-element-populated\">\n\t\t\t\t\t\t<div class=\"elementor-element elementor-element-222c8d4 elementor-widget elementor-widget-heading\" data-id=\"222c8d4\" data-element_type=\"widget\" data-widget_type=\"heading.default\">\n\t\t\t\t<div class=\"elementor-widget-container\">\n\t\t\t\t\t<h2 class=\"elementor-heading-title elementor-size-default\">Per qu\u00e8 \u00e9s tan important contractar els nostres serveis?<\/h2>\t\t\t\t<\/div>\n\t\t\t\t<\/div>\n\t\t\t\t<div class=\"elementor-element elementor-element-b6c0ee4 elementor-widget-divider--view-line elementor-widget elementor-widget-divider\" data-id=\"b6c0ee4\" data-element_type=\"widget\" data-widget_type=\"divider.default\">\n\t\t\t\t<div class=\"elementor-widget-container\">\n\t\t\t\t\t\t\t<div class=\"elementor-divider\">\n\t\t\t<span class=\"elementor-divider-separator\">\n\t\t\t\t\t\t<\/span>\n\t\t<\/div>\n\t\t\t\t\t\t<\/div>\n\t\t\t\t<\/div>\n\t\t\t\t\t<\/div>\n\t\t<\/div>\n\t\t\t\t\t<\/div>\n\t\t<\/section>\n\t\t\t\t<section class=\"elementor-section elementor-top-section elementor-element elementor-element-47c8e5c elementor-section-boxed elementor-section-height-default elementor-section-height-default\" data-id=\"47c8e5c\" data-element_type=\"section\">\n\t\t\t\t\t\t<div class=\"elementor-container elementor-column-gap-default\">\n\t\t\t\t\t<div class=\"elementor-column elementor-col-100 elementor-top-column elementor-element elementor-element-f3fd052\" data-id=\"f3fd052\" data-element_type=\"column\">\n\t\t\t<div class=\"elementor-widget-wrap elementor-element-populated\">\n\t\t\t\t\t\t<div class=\"elementor-element elementor-element-ae872a3 elementor-widget elementor-widget-heading\" data-id=\"ae872a3\" data-element_type=\"widget\" data-widget_type=\"heading.default\">\n\t\t\t\t<div class=\"elementor-widget-container\">\n\t\t\t\t\t<h3 class=\"elementor-heading-title elementor-size-default\">ELS AVANTATGES DE CONTRACTAR NOSTRES SERVEIS:<\/h3>\t\t\t\t<\/div>\n\t\t\t\t<\/div>\n\t\t\t\t<div class=\"elementor-element elementor-element-3e4bd6e elementor-widget elementor-widget-text-editor\" data-id=\"3e4bd6e\" data-element_type=\"widget\" data-widget_type=\"text-editor.default\">\n\t\t\t\t<div class=\"elementor-widget-container\">\n\t\t\t\t\t\t\t\t\tAl contractar els serveis que ofereix\u00a0<span class=\"hiddenSpellError\">ExternaGrup<\/span>, empresa dedicada a la gesti\u00f3 de residus, adquirim una s\u00e8rie d&#8217;avantatges. Hi ha molts beneficis lligats a aquesta acci\u00f3. Ja coneixem el primer avantatge, contribuirem a millorar la salut del nostre planeta. Eliminarem gran part de\u00a0les nostres deixalles\u00a0reciclant i donant-los un nou \u00fas. D&#8217;aquesta manera, tamb\u00e9 reduirem la despesa de nous elements i l&#8217;explotaci\u00f3 de les seves fonts d&#8217;extracci\u00f3. No obstant aix\u00f2, tamb\u00e9 hi ha altres punts a favor per a qualsevol negoci o particular.\t\t\t\t\t\t\t\t<\/div>\n\t\t\t\t<\/div>\n\t\t\t\t<div class=\"elementor-element elementor-element-fd12b6b elementor-widget elementor-widget-heading\" data-id=\"fd12b6b\" data-element_type=\"widget\" data-widget_type=\"heading.default\">\n\t\t\t\t<div class=\"elementor-widget-container\">\n\t\t\t\t\t<h3 class=\"elementor-heading-title elementor-size-default\">GESTI\u00d3 PERSONALITZADA:<\/h3>\t\t\t\t<\/div>\n\t\t\t\t<\/div>\n\t\t\t\t<div class=\"elementor-element elementor-element-18d7488 elementor-widget elementor-widget-text-editor\" data-id=\"18d7488\" data-element_type=\"widget\" data-widget_type=\"text-editor.default\">\n\t\t\t\t<div class=\"elementor-widget-container\">\n\t\t\t\t\t\t\t\t\tAl comptar amb una empresa especialitzada, se&#8217;ns ofereixen moltes m\u00e9s opcions a l&#8217;hora de gestionar els nostres residus. De fet, es pot elaborar una estrat\u00e8gia personalitzada. D&#8217;aquesta manera, s&#8217;estudien les necessitats de cada empresa en concret. Despr\u00e9s s&#8217;ofereix la soluci\u00f3 m\u00e9s convenient i practica per al sector. A m\u00e9s, aquests serveis inclouen tamb\u00e9 la recollida i el tractament, independentment de la classe de rebuig. Tamb\u00e9 coneixen perfectament els tipus de residus i el seu correcte reciclatge. Per tant, l&#8217;empresa compta amb m\u00e9s opcions de reciclatge, ajustades als seus interessos.\t\t\t\t\t\t\t\t<\/div>\n\t\t\t\t<\/div>\n\t\t\t\t<div class=\"elementor-element elementor-element-86b49f5 elementor-widget elementor-widget-heading\" data-id=\"86b49f5\" data-element_type=\"widget\" data-widget_type=\"heading.default\">\n\t\t\t\t<div class=\"elementor-widget-container\">\n\t\t\t\t\t<h3 class=\"elementor-heading-title elementor-size-default\">EVITAR SANCIONS:<\/h3>\t\t\t\t<\/div>\n\t\t\t\t<\/div>\n\t\t\t\t<div class=\"elementor-element elementor-element-868c414 elementor-widget elementor-widget-text-editor\" data-id=\"868c414\" data-element_type=\"widget\" data-widget_type=\"text-editor.default\">\n\t\t\t\t<div class=\"elementor-widget-container\">\n\t\t\t\t\t\t\t\t\t<p>Quan els professionals s&#8217;encarreguen del tractament de residus es compta amb la garantia de complir la llei vigent. Aquestes empreses realitzen tots els seus processos tenint cura de la normativa al detall. Per tant, el negoci que hagi contractat aquests serveis estar\u00e0 lliure de sancions derivades d&#8217;aquest tema. En cap cas es far\u00e0 un \u00fas inadequat d&#8217;aquests residus, de fet, es reciclaran de la manera m\u00e9s convenient i efectiva.<\/p>\t\t\t\t\t\t\t\t<\/div>\n\t\t\t\t<\/div>\n\t\t\t\t<div class=\"elementor-element elementor-element-978f6ba elementor-widget elementor-widget-heading\" data-id=\"978f6ba\" data-element_type=\"widget\" data-widget_type=\"heading.default\">\n\t\t\t\t<div class=\"elementor-widget-container\">\n\t\t\t\t\t<h3 class=\"elementor-heading-title elementor-size-default\">SEGURETAT I SALUT:<\/h3>\t\t\t\t<\/div>\n\t\t\t\t<\/div>\n\t\t\t\t<div class=\"elementor-element elementor-element-7fccad8 elementor-widget elementor-widget-text-editor\" data-id=\"7fccad8\" data-element_type=\"widget\" data-widget_type=\"text-editor.default\">\n\t\t\t\t<div class=\"elementor-widget-container\">\n\t\t\t\t\t\t\t\t\t<p>En les empreses especialitzades, es compta amb un personal format i qualificat per a aquestes tasques. Si les fem nosaltres mateixos, estem posant en risc la salut i la seguretat dels nostres treballadors i del negoci. Es poden produir talls, cremades o dolors causats per la c\u00e0rrega d&#8217;aquests elements.<\/p>\t\t\t\t\t\t\t\t<\/div>\n\t\t\t\t<\/div>\n\t\t\t\t<div class=\"elementor-element elementor-element-978a291 elementor-widget elementor-widget-heading\" data-id=\"978a291\" data-element_type=\"widget\" data-widget_type=\"heading.default\">\n\t\t\t\t<div class=\"elementor-widget-container\">\n\t\t\t\t\t<h3 class=\"elementor-heading-title elementor-size-default\">MILLOR IMATGE:<\/h3>\t\t\t\t<\/div>\n\t\t\t\t<\/div>\n\t\t\t\t<div class=\"elementor-element elementor-element-d935034 elementor-widget elementor-widget-text-editor\" data-id=\"d935034\" data-element_type=\"widget\" data-widget_type=\"text-editor.default\">\n\t\t\t\t<div class=\"elementor-widget-container\">\n\t\t\t\t\t\t\t\t\t<p>A m\u00e9s, comptar amb aquesta mena de professionals demostra la nostra implicaci\u00f3 amb el medi. D&#8217;aquesta manera, obtindrem molt bona imatge de cara a clients i prove\u00efdors. Mostrarem una empresa respectuosa amb la natura i preocupada per la conservaci\u00f3 de la planeta.<\/p>\t\t\t\t\t\t\t\t<\/div>\n\t\t\t\t<\/div>\n\t\t\t\t\t<\/div>\n\t\t<\/div>\n\t\t\t\t\t<\/div>\n\t\t<\/section>\n\t\t\t\t<\/div>\n\t\t","protected":false},"excerpt":{"rendered":"<p>Per qu\u00e8 \u00e9s tan important contractar els nostres serveis? ELS AVANTATGES DE CONTRACTAR NOSTRES SERVEIS: Al contractar els serveis que ofereix\u00a0ExternaGrup, empresa dedicada a la gesti\u00f3 de residus, adquirim una s\u00e8rie d&#8217;avantatges. Hi ha molts beneficis lligats a aquesta acci\u00f3. Ja coneixem el primer avantatge, contribuirem a millorar la salut del nostre planeta. Eliminarem gran &#8230; <a title=\"Avantatges de contractar els nostres serveis\" class=\"read-more\" href=\"https:\/\/externagrup.com\/ca\/avantatges-de-contractar-els-nostres-serveis\/\" aria-label=\"M\u00e9s informaci\u00f3 sobre Avantatges de contractar els nostres serveis\">Llegiu m\u00e9s<\/a><\/p>\n","protected":false},"author":1,"featured_media":0,"parent":0,"menu_order":0,"comment_status":"closed","ping_status":"closed","template":"elementor_header_footer","meta":{"_joinchat":[],"footnotes":""},"class_list":["post-798","page","type-page","status-publish"],"yoast_head":"<!-- This site is optimized with the Yoast SEO plugin v26.6 - https:\/\/yoast.com\/wordpress\/plugins\/seo\/ -->\n<title>Avantatges de contractar els nostres serveis - Externa Grup<\/title>\n<meta name=\"robots\" content=\"index, follow, max-snippet:-1, max-image-preview:large, max-video-preview:-1\" \/>\n<link rel=\"canonical\" href=\"https:\/\/externagrup.com\/ca\/avantatges-de-contractar-els-nostres-serveis\/\" \/>\n<meta property=\"og:locale\" content=\"ca_ES\" \/>\n<meta property=\"og:type\" content=\"article\" \/>\n<meta property=\"og:title\" content=\"Avantatges de contractar els nostres serveis - Externa Grup\" \/>\n<meta property=\"og:description\" content=\"Per qu\u00e8 \u00e9s tan important contractar els nostres serveis? ELS AVANTATGES DE CONTRACTAR NOSTRES SERVEIS: Al contractar els serveis que ofereix\u00a0ExternaGrup, empresa dedicada a la gesti\u00f3 de residus, adquirim una s\u00e8rie d&#8217;avantatges. Hi ha molts beneficis lligats a aquesta acci\u00f3. Ja coneixem el primer avantatge, contribuirem a millorar la salut del nostre planeta. Eliminarem gran ... Llegiu m\u00e9s\" \/>\n<meta property=\"og:url\" content=\"https:\/\/externagrup.com\/ca\/avantatges-de-contractar-els-nostres-serveis\/\" \/>\n<meta property=\"og:site_name\" content=\"Externa Grup\" \/>\n<meta property=\"article:modified_time\" content=\"2021-02-05T10:58:49+00:00\" \/>\n<meta name=\"twitter:card\" content=\"summary_large_image\" \/>\n<meta name=\"twitter:label1\" content=\"Temps estimat de lectura\" \/>\n\t<meta name=\"twitter:data1\" content=\"2 minuts\" \/>\n<script type=\"application\/ld+json\" class=\"yoast-schema-graph\">{\"@context\":\"https:\/\/schema.org\",\"@graph\":[{\"@type\":\"WebPage\",\"@id\":\"https:\/\/externagrup.com\/ca\/avantatges-de-contractar-els-nostres-serveis\/\",\"url\":\"https:\/\/externagrup.com\/ca\/avantatges-de-contractar-els-nostres-serveis\/\",\"name\":\"Avantatges de contractar els nostres serveis - Externa Grup\",\"isPartOf\":{\"@id\":\"https:\/\/externagrup.com\/ca\/#website\"},\"datePublished\":\"2021-02-05T10:53:01+00:00\",\"dateModified\":\"2021-02-05T10:58:49+00:00\",\"breadcrumb\":{\"@id\":\"https:\/\/externagrup.com\/ca\/avantatges-de-contractar-els-nostres-serveis\/#breadcrumb\"},\"inLanguage\":\"ca\",\"potentialAction\":[{\"@type\":\"ReadAction\",\"target\":[\"https:\/\/externagrup.com\/ca\/avantatges-de-contractar-els-nostres-serveis\/\"]}]},{\"@type\":\"BreadcrumbList\",\"@id\":\"https:\/\/externagrup.com\/ca\/avantatges-de-contractar-els-nostres-serveis\/#breadcrumb\",\"itemListElement\":[{\"@type\":\"ListItem\",\"position\":1,\"name\":\"Portada\",\"item\":\"https:\/\/externagrup.com\/ca\/?lang=ca\"},{\"@type\":\"ListItem\",\"position\":2,\"name\":\"Avantatges de contractar els nostres serveis\"}]},{\"@type\":\"WebSite\",\"@id\":\"https:\/\/externagrup.com\/ca\/#website\",\"url\":\"https:\/\/externagrup.com\/ca\/\",\"name\":\"Externa Grup\",\"description\":\"Gesti\u00f3n de Residuos\",\"publisher\":{\"@id\":\"https:\/\/externagrup.com\/ca\/#organization\"},\"potentialAction\":[{\"@type\":\"SearchAction\",\"target\":{\"@type\":\"EntryPoint\",\"urlTemplate\":\"https:\/\/externagrup.com\/ca\/?s={search_term_string}\"},\"query-input\":{\"@type\":\"PropertyValueSpecification\",\"valueRequired\":true,\"valueName\":\"search_term_string\"}}],\"inLanguage\":\"ca\"},{\"@type\":\"Organization\",\"@id\":\"https:\/\/externagrup.com\/ca\/#organization\",\"name\":\"Externa Grup\",\"url\":\"https:\/\/externagrup.com\/ca\/\",\"logo\":{\"@type\":\"ImageObject\",\"inLanguage\":\"ca\",\"@id\":\"https:\/\/externagrup.com\/ca\/#\/schema\/logo\/image\/\",\"url\":\"https:\/\/externagrup.com\/wp-content\/uploads\/2020\/11\/cropped-Logo-horizontal-sin-fondo-blanco.png\",\"contentUrl\":\"https:\/\/externagrup.com\/wp-content\/uploads\/2020\/11\/cropped-Logo-horizontal-sin-fondo-blanco.png\",\"width\":1501,\"height\":301,\"caption\":\"Externa Grup\"},\"image\":{\"@id\":\"https:\/\/externagrup.com\/ca\/#\/schema\/logo\/image\/\"}}]}<\/script>\n<!-- \/ Yoast SEO plugin. -->","yoast_head_json":{"title":"Avantatges de contractar els nostres serveis - Externa Grup","robots":{"index":"index","follow":"follow","max-snippet":"max-snippet:-1","max-image-preview":"max-image-preview:large","max-video-preview":"max-video-preview:-1"},"canonical":"https:\/\/externagrup.com\/ca\/avantatges-de-contractar-els-nostres-serveis\/","og_locale":"ca_ES","og_type":"article","og_title":"Avantatges de contractar els nostres serveis - Externa Grup","og_description":"Per qu\u00e8 \u00e9s tan important contractar els nostres serveis? ELS AVANTATGES DE CONTRACTAR NOSTRES SERVEIS: Al contractar els serveis que ofereix\u00a0ExternaGrup, empresa dedicada a la gesti\u00f3 de residus, adquirim una s\u00e8rie d&#8217;avantatges. Hi ha molts beneficis lligats a aquesta acci\u00f3. Ja coneixem el primer avantatge, contribuirem a millorar la salut del nostre planeta. Eliminarem gran ... Llegiu m\u00e9s","og_url":"https:\/\/externagrup.com\/ca\/avantatges-de-contractar-els-nostres-serveis\/","og_site_name":"Externa Grup","article_modified_time":"2021-02-05T10:58:49+00:00","twitter_card":"summary_large_image","twitter_misc":{"Temps estimat de lectura":"2 minuts"},"schema":{"@context":"https:\/\/schema.org","@graph":[{"@type":"WebPage","@id":"https:\/\/externagrup.com\/ca\/avantatges-de-contractar-els-nostres-serveis\/","url":"https:\/\/externagrup.com\/ca\/avantatges-de-contractar-els-nostres-serveis\/","name":"Avantatges de contractar els nostres serveis - Externa Grup","isPartOf":{"@id":"https:\/\/externagrup.com\/ca\/#website"},"datePublished":"2021-02-05T10:53:01+00:00","dateModified":"2021-02-05T10:58:49+00:00","breadcrumb":{"@id":"https:\/\/externagrup.com\/ca\/avantatges-de-contractar-els-nostres-serveis\/#breadcrumb"},"inLanguage":"ca","potentialAction":[{"@type":"ReadAction","target":["https:\/\/externagrup.com\/ca\/avantatges-de-contractar-els-nostres-serveis\/"]}]},{"@type":"BreadcrumbList","@id":"https:\/\/externagrup.com\/ca\/avantatges-de-contractar-els-nostres-serveis\/#breadcrumb","itemListElement":[{"@type":"ListItem","position":1,"name":"Portada","item":"https:\/\/externagrup.com\/ca\/?lang=ca"},{"@type":"ListItem","position":2,"name":"Avantatges de contractar els nostres serveis"}]},{"@type":"WebSite","@id":"https:\/\/externagrup.com\/ca\/#website","url":"https:\/\/externagrup.com\/ca\/","name":"Externa Grup","description":"Gesti\u00f3n de Residuos","publisher":{"@id":"https:\/\/externagrup.com\/ca\/#organization"},"potentialAction":[{"@type":"SearchAction","target":{"@type":"EntryPoint","urlTemplate":"https:\/\/externagrup.com\/ca\/?s={search_term_string}"},"query-input":{"@type":"PropertyValueSpecification","valueRequired":true,"valueName":"search_term_string"}}],"inLanguage":"ca"},{"@type":"Organization","@id":"https:\/\/externagrup.com\/ca\/#organization","name":"Externa Grup","url":"https:\/\/externagrup.com\/ca\/","logo":{"@type":"ImageObject","inLanguage":"ca","@id":"https:\/\/externagrup.com\/ca\/#\/schema\/logo\/image\/","url":"https:\/\/externagrup.com\/wp-content\/uploads\/2020\/11\/cropped-Logo-horizontal-sin-fondo-blanco.png","contentUrl":"https:\/\/externagrup.com\/wp-content\/uploads\/2020\/11\/cropped-Logo-horizontal-sin-fondo-blanco.png","width":1501,"height":301,"caption":"Externa Grup"},"image":{"@id":"https:\/\/externagrup.com\/ca\/#\/schema\/logo\/image\/"}}]}},"_links":{"self":[{"href":"https:\/\/externagrup.com\/ca\/wp-json\/wp\/v2\/pages\/798","targetHints":{"allow":["GET"]}}],"collection":[{"href":"https:\/\/externagrup.com\/ca\/wp-json\/wp\/v2\/pages"}],"about":[{"href":"https:\/\/externagrup.com\/ca\/wp-json\/wp\/v2\/types\/page"}],"author":[{"embeddable":true,"href":"https:\/\/externagrup.com\/ca\/wp-json\/wp\/v2\/users\/1"}],"replies":[{"embeddable":true,"href":"https:\/\/externagrup.com\/ca\/wp-json\/wp\/v2\/comments?post=798"}],"version-history":[{"count":0,"href":"https:\/\/externagrup.com\/ca\/wp-json\/wp\/v2\/pages\/798\/revisions"}],"wp:attachment":[{"href":"https:\/\/externagrup.com\/ca\/wp-json\/wp\/v2\/media?parent=798"}],"curies":[{"name":"wp","href":"https:\/\/api.w.org\/{rel}","templated":true}]}}